{"id":13,"date":"2018-11-03T15:09:27","date_gmt":"2018-11-03T08:09:27","guid":{"rendered":"https:\/\/avy.forestjump.com.vn\/?page_id=13"},"modified":"2023-08-09T10:52:13","modified_gmt":"2023-08-09T03:52:13","slug":"gioi-thieu","status":"publish","type":"page","link":"https:\/\/bemaxdoor.com\/?page_id=13","title":{"rendered":"Gi\u1edbi thi\u1ec7u"},"content":{"rendered":"<div class=\"container section-title-container\" ><h3 class=\"section-title section-title-normal\"><b><\/b><span class=\"section-title-main\" >C\u00f4ng ty TNHH Sa\u0309n xu\u00e2\u0301t va\u0300 Th\u01b0\u01a1ng ma\u0323i BeMax<\/span><b><\/b><\/h3><\/div>\n<p><strong>C\u00f4ng ty TNHH Sa\u0309n xu\u00e2\u0301t va\u0300 Th\u01b0\u01a1ng Ma\u0323i BeMax<\/strong>\u00a0chuy\u00ean\u00a0cung c\u1ea5p c\u00e1c <strong>gi\u1ea3i ph\u00e1p t\u01b0 v\u1ea5n thi\u1ebft k\u1ebf<\/strong>, thi c\u00f4ng v\u00e0\u00a0x\u00e2y d\u1ef1ng trong c\u00e1c l\u0129nh v\u1ef1c: <strong>T\u01b0 v\u1ea5n thi\u1ebft k\u1ebf thi c\u00f4ng ki\u1ebfn tr\u00fac<\/strong> v\u00e0 <strong>n\u1ed9i ngo\u1ea1i th\u1ea5t nh\u00e0 \u1edf<\/strong>, <strong>chung c\u01b0, bi\u1ec7t th\u1ef1, nh\u00e0 h\u00e0ng kh\u00e1ch s\u1ea1n, qu\u00e1n bar c\u00e0 ph\u00ea,\u00a0showroom,\u00a0v\u0103n ph\u00f2ng l\u00e0m vi\u1ec7c, c\u00f4ng tr\u00ecnh c\u00f4ng c\u1ed9ng<\/strong>\u2026 BeMax thi\u1ebft k\u1ebf, <strong>thi c\u00f4ng n\u1ed9i th\u1ea5t<\/strong>, x\u00e2y d\u1ef1ng nh\u00e0 theo m\u1ed7i phong c\u00e1ch ri\u00eang bi\u1ec7t t\u1eeb c\u1ed5 \u0111i\u1ec3n t\u1edbi hi\u1ec7n \u0111\u1ea1i, t\u1eeb kh\u00f4ng gian h\u1eb9p \u0111\u1ebfn kh\u00f4ng gian r\u1ed9ng. T\u1eeb thi\u1ebft k\u1ebf v\u00e0 thi c\u00f4ng tr\u1ecdn g\u00f3i \u0111\u1ebfn thi\u1ebft k\u1ebf v\u00e0 thi c\u00f4ng t\u1eebng ph\u1ea7n nh\u01b0 ph\u00f2ng t\u1eafm, ph\u00f2ng kh\u00e1ch v\u1edbi nh\u1eefng c\u1ea7u thang hi\u1ec7n \u0111\u1ea1i, \u0111\u1ebfn ph\u00f2ng ng\u1ee7&#8230; Ngo\u00e0i thi\u1ebft k\u1ebf, thi c\u00f4ng n\u1ed9i th\u1ea5t v\u00e0 x\u00e2y d\u1ef1ng trong nh\u00e0, BeMax c\u00f2n <strong>cung c\u00e2\u0301p t\u00e2\u0301m lam so\u0301ng trong n\u00f4\u0323i th\u00e2\u0301t<\/strong> v\u1edbi th\u1ebf m\u1ea1nh la\u0300 \u0111\u00f4\u0301i ta\u0301c ph\u00e2n ph\u00f4\u0301i chi\u0301nh cu\u0309a nha\u0300 ma\u0301y sa\u0309n xu\u00e2\u0301t nh\u01b0\u0323 Mai Anh Qu\u00e2n DNA.<\/p>\n<p><strong>Ph\u01b0\u01a1ng ch\u00e2m l\u00e0m vi\u1ec7<\/strong><strong>c<\/strong><\/p>\n<p>BeMax \u0111\u01b0a ra kh\u1ea9u hi\u1ec7u v\u00e0 ti\u00eau ch\u00ed c\u1ee7a m\u00ecnh: \u201c<strong><em>Th\u00e2\u0301u hi\u00ea\u0309u \u0111\u00ea\u0309 v\u01b0\u01a1n xa<\/em><\/strong>\u201d.<\/p>\n<p>Cu\u1ed9c s\u1ed1ng c\u1ee7a ch\u00fang ta \u0111a ph\u1ea7n di\u1ec5n ra \u1edf b\u00ean trong nh\u1eefng kh\u00f4ng gian n\u1ed9i th\u1ea5t, c\u0103n nh\u00e0 kh\u00f4ng ch\u1ec9 l\u00e0 n\u01a1i tr\u00fa ng\u1ee5 m\u00e0 n\u00f3 th\u1ef1c s\u1ef1 l\u00e0 t\u1ed5 \u1ea5m \u0111\u1ed1i v\u1edbi m\u1ed7i con ng\u01b0\u1eddi, gi\u00fap ta tho\u1ea3i m\u00e1i, t\u1ef1 tin, l\u1ea5y l\u1ea1i s\u1ef1 b\u00ecnh y\u00ean sau nh\u1eefng gi\u1edd l\u00e0m vi\u1ec7c c\u0103ng th\u1eb3ng m\u1ec7t m\u1ecfi.<\/p>\n<p>H\u1ea7u h\u1ebft ch\u00fang ta \u0111ang s\u1ed1ng trong nh\u1eefng kh\u00f4ng gian s\u1ed1ng ch\u1eadt h\u1eb9p, s\u1ef1 s\u1eafp x\u1ebfp \u0111\u1ed3 \u0111\u1ea1c v\u00e0 c\u00e1ch b\u00e0i tr\u00ed c\u00f2n ch\u01b0a khoa h\u1ecdc, ch\u01b0a h\u1ee3p l\u00fd v\u1ec1 c\u00f4ng n\u0103ng s\u1eed d\u1ee5ng, do \u0111\u00f3 s\u1ebd d\u1eabn \u0111\u1ebfn s\u1ef1 l\u1ed9n x\u1ed9n, b\u1eeba b\u00e3i thi\u1ebfu t\u00ednh s\u00e1ng t\u1ea1o. kh\u00f4ng \u0111\u1ed3ng b\u1ed9 v\u00e0 ch\u01b0a t\u1ea1o \u0111\u01b0\u1ee3c c\u00e1c \u0111i\u1ec3m nh\u1ea5n ch\u00ednh trong kh\u00f4ng gian \u1edf.<\/p>\n<p>BeMax v\u1edbi ph\u01b0\u01a1ng ch\u00e2m \u0111em l\u1ea1i cho b\u1ea1n kh\u00f4ng gian s\u1ed1ng \u0111\u1ea7y ngh\u1ec7 thu\u1eadt v\u1edbi thi\u1ebft k\u1ebf th\u00f4ng minh v\u00e0 tinh t\u1ebf \u0111\u1ec3 nh\u00e0 l\u00e0 n\u01a1i \u201c<strong>B\u00ecnh y\u00ean \u0111\u1ec3 tr\u1edd v\u1ec1 sau nga\u0300y la\u0300m vi\u00ea\u0323c m\u00ea\u0323t mo\u0309i<\/strong>\u201c.<\/p>\n<p><strong>\u0110\u1ed9i ng\u0169 nh\u00e2n s\u1ef1 chuy\u00ean nghi\u1ec7p\u00a0<\/strong><\/p>\n<p>BeMax \u0111ang s\u1edf h\u1eefu \u0111\u1ed9i ng\u0169 nh\u00e2n s\u1ef1 h\u00f9ng h\u1eadu v\u1edbi nhi\u1ec1u ki\u1ebfn tr\u00fac s\u01b0 chuy\u00ean nghi\u1ec7p, gi\u00e0u kinh nghi\u1ec7m, nhi\u1ec7t t\u00ecnh v\u00e0 t\u1eadn t\u00e2m v\u1edbi ngh\u1ec1, c\u00f3 \u0111\u1ed9i ng\u0169 k\u1ef9 s\u01b0 x\u00e2y d\u1ef1ng c\u0169ng nh\u01b0 th\u1ee3 l\u00e0nh ngh\u1ec1 ch\u1ea5t l\u01b0\u1ee3ng cao, kh\u00f4ng ng\u1eebng \u0111\u01b0\u1ee3c m\u1edf r\u1ed9ng v\u00e0 bao g\u1ed3m kh\u1ed1i nh\u00e2n s\u1ef1 trong m\u1ecdi l\u0129nh v\u1ef1c nh\u01b0 CSKH, Sale, Marketing\u2026<\/p>\n<p>BeMax mong mu\u1ed1n ph\u00e1t tri\u1ec3n \u0111\u1ed9i ng\u0169 chuy\u00ean m\u00f4n cao, k\u1ef9 n\u0103ng t\u1ed1t th\u00f4ng qua c\u00e1c kh\u00f3a \u0111\u00e0o t\u1ea1o n\u1ed9i b\u1ed9, c\u00e1c ch\u01b0\u01a1ng tr\u00ecnh h\u1ecdc chuy\u00ean s\u00e2u b\u00ean ngo\u00e0i li\u00ean t\u1ee5c.<\/p>\n<p><strong>L\u1ea5y nh\u00e2n s\u1ef1 l\u00e0 trung t\u00e2m c\u1ee7a s\u1ef1 ph\u00e1t tri\u1ec3n<\/strong><\/p>\n<p>Ngay t\u1eeb khi th\u00e0nh l\u1eadp cho \u0111\u1ebfn nay, \u0111\u1ecbnh h\u01b0\u1edbng ph\u00e1t tri\u1ec3n c\u1ee7a BeMax lu\u00f4n l\u1ea5y con ng\u01b0\u1eddi l\u00e0 trung t\u00e2m c\u1ee7a s\u1ef1 ph\u00e1t tri\u1ec3n. Ch\u00fang t\u00f4i coi tr\u1ecdng \u0111\u00e0o t\u1ea1o chuy\u00ean s\u00e2u n\u1ed9i b\u1ed9 cho nh\u00e2n vi\u00ean \u0111\u1ec3 nh\u00e2n vi\u00ean kh\u00f4ng ng\u1eebng \u0111\u01b0\u1ee3c tr\u01b0\u1edfng th\u00e0nh v\u00e0 n\u00e2ng cao c\u00e1c k\u1ef9 n\u0103ng trong c\u00f4ng vi\u1ec7c. BeMax c\u0169ng x\u00e2y d\u1ef1ng c\u00e1c ch\u00ednh s\u00e1ch ph\u00fac l\u1ee3i t\u1ed1t nh\u1ea5t nh\u01b0 b\u1ea3o hi\u1ec3m x\u00e3 h\u1ed9i, ng\u00e0y ngh\u1ec9 l\u1ec5, ng\u00e0y ngh\u1ec9 c\u00f3 l\u01b0\u01a1ng, c\u00e1c kho\u1ea3n h\u1ed7 tr\u1ee3 nh\u00e2n vi\u00ean qu\u1ef9 th\u01b0\u1edfng, ch\u00ednh s\u00e1ch l\u01b0\u01a1ng, t\u0103ng l\u01b0\u01a1ng c\u1eadp nh\u1eadt\u2026 Kh\u00f4ng ch\u1ec9 v\u1eady, c\u00f4ng ty c\u00f2n c\u00f3 c\u00e1c ho\u1ea1t \u0111\u1ed9ng h\u1ed7 tr\u1ee3 nh\u00e2n s\u1ef1 v\u00e0 th\u00e2n nh\u00e2n gia \u0111\u00ecnh nh\u00e2n s\u1ef1 trong cu\u1ed9c s\u1ed1ng. \u1ede BeMax ch\u00fang t\u00f4i kh\u00f4ng c\u00f3 s\u1ebfp v\u00e0 nh\u00e2n vi\u00ean, ch\u00fang t\u00f4i l\u00e0 nh\u1eefng c\u1ed9ng s\u1ef1 trong c\u00f4ng vi\u1ec7c v\u00e0 anh em trong cu\u1ed9c s\u1ed1ng.<\/p>\n<p><strong>L\u1ee3i \u00edch c\u1ee7a b\u1ea1n khi \u0111\u1ebfn BeMax<\/strong><\/p>\n<p>T\u1ea1i BeMax, kh\u00e1ch h\u00e0ng s\u1ebd \u0111\u01b0\u1ee3c t\u00f4n tr\u1ecdng t\u1ed1i \u0111a \u00fd ki\u1ebfn \u0111\u1ed3ng th\u1eddi \u0111\u01b0\u1ee3c quy\u1ec1n l\u1ef1a ch\u1ecdn t\u1eeb r\u1ea5t nhi\u1ec1u t\u01b0 v\u1ea5n, g\u1ee3i \u00fd v\u1ec1 phong c\u00e1ch, ki\u1ec3u d\u00e1ng, gi\u00e1 c\u1ea3 c\u1ee7a s\u1ea3n ph\u1ea9m. C\u00f9ng m\u1ed9t ph\u01b0\u01a1ng ch\u00e2m: \u0110em \u0111\u1ebfn n\u00e9t tinh t\u1ebf v\u1edbi nh\u1eefng thi\u1ebft k\u1ebf th\u00f4ng minh cho ng\u00f4i nh\u00e0 c\u1ee7a b\u1ea1n.<\/p>\n<p>Gi\u1ea3i quy\u1ebft nh\u1eefng v\u1ea5n \u0111\u1ec1 b\u1ea1n \u0111ang b\u0103n kho\u0103n trong kh\u00f4ng gian s\u1ed1ng c\u1ee7a b\u1ea1n v\u1ec1 ti\u1ec1n b\u1ea1c, th\u1eddi gian, c\u00f4ng n\u0103ng hay s\u1ef1 s\u1eafp \u0111\u1eb7t, b\u00e0i tr\u00ed kh\u00f4ng gian theo Phong thu\u1ef7, vv\u2026 Kh\u00f4ng ch\u1ec9 l\u00e0 m\u1ed9t kh\u00f4ng gian s\u1ed1ng th\u00f4ng th\u01b0\u1eddng, BeMax \u0111em \u0111\u1ebfn m\u1ed9t kh\u00f4ng gian \u1ea5m c\u00fang th\u01b0 th\u00e1i, tho\u1ea3i m\u00e1i v\u00e0 ti\u1ec7n d\u1ee5ng mang \u0111\u1ea7y t\u00ednh ngh\u1ec7 thu\u1eadt.<\/p>\n<p>S\u1ea3n ph\u1ea9m c\u1ee7a BeMax l\u00e0 s\u1ef1 k\u1ebft h\u1ee3p gi\u1eefa \u00fd t\u01b0\u1edfng s\u00e1ng t\u1ea1o, phong c\u00e1ch \u0111\u1ed9c \u0111\u00e1o, t\u1eeb c\u1ed5 \u0111i\u1ec3n \u0111\u1ebfn hi\u1ec7n \u0111\u1ea1i. \u00c1p d\u1ee5ng c\u00f4ng ngh\u1ec7 khoa h\u1ecdc trong s\u1ea3n su\u1ea5t \u0111\u00e3 t\u1ea1o n\u00ean nh\u1eefng s\u1ea3n ph\u1ea9m c\u00f3 ch\u1ea5t l\u01b0\u1ee3ng t\u1ed1t, m\u1eabu m\u00e3 phong ph\u00fa, \u0111a d\u1ea1ng v\u1ec1 ch\u1ee7ng lo\u1ea1i, s\u1eed d\u1ee5ng v\u1eadt li\u1ec7u m\u1edbi nh\u01b0ng v\u1eabn \u0111\u1eadm \u0111\u00e0 b\u1ea3n s\u1eafc d\u00e2n t\u1ed9c v\u00e0 t\u00e2m h\u1ed3n Vi\u1ec7t.<\/p>\n<p><strong>\u0110i\u1ec3m m\u1ea1nh c\u1ee7a BeMax<\/strong><\/p>\n<ol>\n<li>L\u00e0 nha\u0300 ma\u0301y chuy\u00ean sa\u0309n xu\u00e2\u0301t ca\u0301c loa\u0323i c\u01b0\u0309a n\u00f4\u0323i ngoa\u0323i th\u00e2\u0301t, c\u00f3 th\u1ebf m\u1ea1nh k\u00ea\u0301t n\u00f4\u0301i ch\u0103\u0323c che\u0303 v\u01a1\u0301i ca\u0301c \u0111\u01a1n vi\u0323 ha\u0300ng \u0111\u00e2\u0300u trong nga\u0300nh n\u00f4\u0323i th\u00e2\u0301t nh\u01b0\u0323a gia\u0309 g\u00f4\u0303.<\/li>\n<li>L\u00e0 \u0111\u01a1n v\u1ecb c\u00f3 \u0111\u1ed9i ng\u0169 ki\u1ebfn tr\u00fac s\u01b0 t\u00e2m huy\u1ebft v\u1edbi ngh\u1ec1, gi\u00e0u kinh nghi\u1ec7m, v\u1eefng chuy\u00ean m\u00f4n lu\u00f4n kh\u00f4ng ng\u1eebng s\u00e1ng t\u1ea1o \u0111\u1ec3 t\u00ecm ra nh\u1eefng c\u00e1i m\u1edbi trong thi\u1ebft k\u1ebf v\u00e0 thi c\u00f4ng v\u00ec v\u1eady c\u00f3 th\u1ec3 cung c\u1ea5p cho kh\u00e1ch h\u00e0ng nh\u1eefng t\u01b0 v\u1ea5n x\u00e1c th\u1ef1c \u0111em l\u1ea1i l\u1ee3i \u00edch t\u1ed1i \u0111a cho Kh\u00e1ch h\u00e0ng: Lu\u00f4n \u0111\u1eb7t m\u00ecnh \u1edf v\u1ecb tr\u00ed kh\u00e1ch h\u00e0ng \u0111\u1ec3 \u0111em l\u1ea1i t\u01b0 v\u1ea5n h\u1ee3p l\u00fd nh\u1ea5t v\u1ec1 gi\u00e1 c\u1ea3 v\u00e0 ch\u1ea5t l\u01b0\u1ee3ng, ki\u1ec3u c\u00e1ch.<\/li>\n<li>Phong c\u00e1ch thi\u1ebft k\u1ebf lu\u00f4n t\u00f4n v\u1ebb \u0111\u1eb9p c\u1ee7a s\u1ea3n ph\u1ea9m, t\u1ea1o ra ng\u00f4n ng\u1eef s\u00e1ng t\u1ea1o v\u00e0 phong c\u00e1ch thi\u1ebft k\u1ebf ri\u00eang bi\u1ec7t, trau chu\u1ed1t t\u1eebng \u0111\u01b0\u1eddng n\u00e9t, thi\u1ebft k\u1ebf \u201cmay \u0111o\u201d theo y\u00eau c\u1ea7u c\u1ee7a t\u1eebng kh\u00e1ch h\u00e0ng.<\/li>\n<li>\u0110\u1ed9i ng\u0169 thi\u1ebft k\u1ebf g\u1eafn li\u1ec1n v\u1edbi th\u1ef1c t\u1ebf thi c\u00f4ng v\u1edbi b\u1ec1 d\u00e0y kinh nghi\u1ec7m nhi\u1ec1u n\u0103m, \u0111\u1eb7c bi\u1ec7t c\u00f3 kh\u1ea3 n\u0103ng thi c\u00f4ng tr\u1ef1c ti\u1ebfp s\u1ea3n ph\u1ea9m.<\/li>\n<li>C\u00f3 tinh th\u1ea7n ch\u0103m s\u00f3c v\u00e0 d\u1ecbch v\u1ee5 sau b\u00e1n h\u00e0ng m\u1ed9t c\u00e1ch ho\u00e0n h\u1ea3o, kh\u00e1c bi\u1ec7t v\u1edbi c\u00e1c \u0111\u01a1n v\u1ecb kh\u00e1c v\u1ec1 \u00fd th\u1ee9c d\u1ecbch v\u1ee5 b\u1ea3o h\u00e0nh s\u1ea3n ph\u1ea9m, \u0111em l\u1ea1i s\u1ef1 h\u00e0i l\u00f2ng v\u00e0 c\u1ea3m nh\u1eadn d\u1ecbch v\u1ee5 kh\u00e1ch h\u00e0ng t\u1ed1t nh\u1ea5t.<\/li>\n<li>S\u1edf h\u1eefu x\u01b0\u1edfng s\u1ea3n xu\u1ea5t \u0111\u1ed3 g\u1ed7 v\u1edbi \u0111\u1ed9i ng\u0169 c\u00f4ng nh\u00e2n l\u00e0nh ngh\u1ec1 kh\u00f4ng th\u00f4ng qua trung gian.<\/li>\n<li>B\u1ed9 ph\u1eadn qu\u1ea3n l\u00fd ch\u1ea5t l\u01b0\u1ee3ng tr\u00ean c\u00f4ng tr\u01b0\u1eddng chuy\u00ean nghi\u1ec7p v\u00e0 t\u1eadn t\u00e2m, \u0111\u00f3ng vai tr\u00f2 kh\u00e1ch h\u00e0ng v\u00e0 mong mu\u1ed1n c\u1ee7a kh\u00e1ch h\u00e0ng \u0111\u1ec3 ki\u1ec3m so\u00e1t ch\u1ea5t l\u01b0\u1ee3ng s\u1ea3n ph\u1ea9m. C\u00f4ng \u0111o\u1ea1n thi\u1ebft k\u1ebf s\u1ebd \u0111\u01b0\u1ee3c th\u1ef1c hi\u1ec7n k\u1ef9 l\u01b0\u1ee1ng, l\u00e0m h\u00e0i l\u00f2ng c\u1ea3 kh\u00e1ch h\u00e0ng kh\u00f3 t\u00ednh nh\u1ea5t, bao g\u1ed3m l\u00e0m vi\u1ec7c v\u1edbi kh\u00e1ch h\u00e0ng v\u1ec1 \u00fd t\u01b0\u1edfng, l\u00ean b\u1ea3n v\u1ebd chi ti\u1ebft, nh\u1eadn ph\u1ea3n h\u1ed3i t\u1eeb kh\u00e1ch h\u00e0ng, \u0111i\u1ec1u ch\u1ec9nh n\u1ebfu c\u1ea7n thi\u1ebft.<\/li>\n<li>Quy tr\u00ecnh thi\u1ebft k\u1ebf v\u00e0 s\u1ea3n xu\u1ea5t kh\u00e9p k\u00edn gi\u00fap gi\u00e1 th\u00e0nh c\u1ea1nh tranh v\u00e0 t\u1ed1i \u01b0u h\u00f3a trong qu\u00e1 tr\u00ecnh ki\u1ec3m so\u00e1t ch\u1ea5t l\u01b0\u1ee3ng s\u1ea3n ph\u1ea9m. Cam k\u00ea\u0301t l\u00e0m \u0111\u00fang nh\u1eefng ch\u00e2\u0301t li\u00ea\u0323u \u0111\u00e3 th\u00f4\u0301ng nh\u00e2\u0301t v\u1edbi kh\u00e1ch h\u00e0ng. B\u00e2\u0301t k\u1ef3 ch\u00e2\u0301t li\u00ea\u0323u v\u00e0 ph\u1ee5 ki\u00ea\u0323n kh\u00f4ng th\u1ef1c hi\u00ea\u0323n \u0111\u00fang nh\u01b0 cam k\u00ea\u0301t m\u00e0 kh\u00e1ch h\u00e0ng ph\u00e1t hi\u00ea\u0323n AMU s\u1ebd ch\u1ecbu tr\u00e1ch nhi\u00ea\u0323m thu h\u00f4\u0300i v\u00e0 ho\u00e0n tr\u1ea3 100% kinh ph\u00ed gi\u00e1 tr\u1ecb s\u1ea3n ph\u00e2\u0309m \u0111\u00e3 \u0111\u1eb7t h\u00e0ng. V\u1edbi kinh nghi\u1ec7m l\u00e2u n\u0103m trong ngh\u1ec1, danh s\u00e1ch kh\u00e1ch h\u00e0ng r\u1ed9ng l\u1edbn \u0111\u1eb7c bi\u1ec7t l\u00e0 \u1edf c\u00e1c t\u1ec9nh ph\u00eda B\u1eafc.<\/li>\n<\/ol>\n<p><strong>BeMax \u2013 Doanh nghi\u1ec7p coi tr\u1ecdng c\u00e1c ho\u1ea1t \u0111\u1ed9ng x\u00e3 h\u1ed9i<\/strong><\/p>\n<p>Kh\u00f4ng ch\u1ec9 ch\u00fa tr\u1ecdng ph\u00e1t tri\u1ec3n kinh doanh, BeMax t\u1ed5 ch\u1ee9c nh\u00e2n s\u1ef1 tham gia c\u00e1c ho\u1ea1t \u0111\u1ed9ng x\u00e3 h\u1ed9i nh\u01b0 tham gia t\u00e0i tr\u1ee3, tr\u1ef1c ti\u1ebfp t\u1ed5 ch\u1ee9c c\u00e1c ch\u01b0\u01a1ng tr\u00ecnh thi\u1ec7n nguy\u1ec7n \u0111\u1ebfn ng\u01b0\u1eddi ngh\u00e8o, \u0111\u1eb7c bi\u1ec7t l\u00e0 ph\u1ee5 n\u1eef v\u00e0 tr\u1ebb em. Kh\u00f4ng ch\u1ec9 \u0111\u00f3ng g\u00f3p v\u1ec1 v\u1eadt ch\u1ea5t, BeMax s\u1eb5n s\u00e0ng \u0111\u00f3n nh\u1eadn c\u00e1c \u1ee9ng vi\u00ean c\u00f3 xu\u1ea5t ph\u00e1t \u0111i\u1ec3m kh\u00f4ng \u0111\u01b0\u1ee3c thu\u1eadn l\u1ee3i \u0111\u1ec3 \u0111\u00e0o t\u1ea1o th\u00e0nh nh\u00e2n s\u1ef1 ch\u00ednh th\u1ee9c c\u1ee7a c\u00f4ng ty.<\/p>\n<div class=\"container section-title-container\" ><h3 class=\"section-title section-title-normal\"><b><\/b><span class=\"section-title-main\" >S\u1ee9 m\u1ec7nh - T\u1ea7m nh\u00ecn<\/span><b><\/b><\/h3><\/div>\n<p><strong>T\u1ea6M NH\u00ccN<\/strong>: Tr\u1edf th\u00e0nh c\u00f4ng ty h\u00e0ng \u0111\u1ea7u trong l\u0129nh v\u1ef1c sa\u0309n xu\u00e2\u0301t c\u01b0\u0309a wpc va\u0300 c\u01b0\u0309a ch\u00f4\u0301ng cha\u0301y<\/p>\n<p><strong>S\u1ee8 M\u1ec6NH<\/strong>: Mang l\u1ea1i cho kh\u00e1ch h\u00e0ng gi\u00e1 tr\u1ecb s\u1ed1ng \u0111\u00edch th\u1ef1c, s\u1ef1 b\u00ecnh an trong t\u00e2m h\u1ed3n t\u1eeb s\u1ef1 t\u1eadn t\u00e2m.<\/p>\n","protected":false},"excerpt":{"rendered":"<p>C\u00f4ng ty TNHH Sa\u0309n xu\u00e2\u0301t va\u0300 Th\u01b0\u01a1ng Ma\u0323i BeMax\u00a0chuy\u00ean\u00a0cung c\u1ea5p c\u00e1c gi\u1ea3i ph\u00e1p t\u01b0 v\u1ea5n thi\u1ebft k\u1ebf, thi c\u00f4ng v\u00e0\u00a0x\u00e2y d\u1ef1ng trong c\u00e1c l\u0129nh v\u1ef1c: T\u01b0 v\u1ea5n thi\u1ebft k\u1ebf thi c\u00f4ng ki\u1ebfn tr\u00fac v\u00e0 n\u1ed9i ngo\u1ea1i th\u1ea5t nh\u00e0 \u1edf, chung c\u01b0, bi\u1ec7t th\u1ef1, nh\u00e0 h\u00e0ng kh\u00e1ch s\u1ea1n, qu\u00e1n bar c\u00e0 ph\u00ea,\u00a0showroom,\u00a0v\u0103n ph\u00f2ng l\u00e0m vi\u1ec7c, c\u00f4ng tr\u00ecnh c\u00f4ng c\u1ed9ng\u2026 BeMax thi\u1ebft k\u1ebf, thi c\u00f4ng n\u1ed9i th\u1ea5t, x\u00e2y d\u1ef1ng nh\u00e0 theo m\u1ed7i&#8230;<\/p>\n","protected":false},"author":3,"featured_media":0,"parent":0,"menu_order":0,"comment_status":"closed","ping_status":"closed","template":"page-staticpage.php","meta":[],"_links":{"self":[{"href":"https:\/\/bemaxdoor.com\/index.php?rest_route=\/wp\/v2\/pages\/13"}],"collection":[{"href":"https:\/\/bemaxdoor.com\/index.php?rest_route=\/wp\/v2\/pages"}],"about":[{"href":"https:\/\/bemaxdoor.com\/index.php?rest_route=\/wp\/v2\/types\/page"}],"author":[{"embeddable":true,"href":"https:\/\/bemaxdoor.com\/index.php?rest_route=\/wp\/v2\/users\/3"}],"replies":[{"embeddable":true,"href":"https:\/\/bemaxdoor.com\/index.php?rest_route=%2Fwp%2Fv2%2Fcomments&post=13"}],"version-history":[{"count":12,"href":"https:\/\/bemaxdoor.com\/index.php?rest_route=\/wp\/v2\/pages\/13\/revisions"}],"predecessor-version":[{"id":945,"href":"https:\/\/bemaxdoor.com\/index.php?rest_route=\/wp\/v2\/pages\/13\/revisions\/945"}],"wp:attachment":[{"href":"https:\/\/bemaxdoor.com\/index.php?rest_route=%2Fwp%2Fv2%2Fmedia&parent=13"}],"curies":[{"name":"wp","href":"https:\/\/api.w.org\/{rel}","templated":true}]}}